{"id":734,"date":"2021-01-16T13:15:05","date_gmt":"2021-01-16T13:15:05","guid":{"rendered":"https:\/\/qol.com.ar\/?page_id=734"},"modified":"2021-01-18T16:53:34","modified_gmt":"2021-01-18T16:53:34","slug":"empresa-b","status":"publish","type":"page","link":"https:\/\/qol.com.ar\/index.php\/empresa-b\/","title":{"rendered":"B Corp"},"content":{"rendered":"\n<div class=\"wp-block-themeisle-blocks-advanced-columns alignfull has-2-columns has-desktop-equal-layout has-tablet-collapsedRows-layout has-mobile-collapsedRows-layout has-nogap-gap has-vertical-center\" id=\"wp-block-themeisle-blocks-advanced-columns-7d5ce3f1\"><div class=\"wp-block-themeisle-blocks-advanced-columns-overlay\"><\/div><div class=\"innerblocks-wrap\">\n<div class=\"wp-block-themeisle-blocks-advanced-column\" id=\"wp-block-themeisle-blocks-advanced-column-2ad349f0\">\n<div class=\"wp-block-themeisle-blocks-advanced-columns has-1-columns has-desktop-equal-layout hide-in-tablet hide-in-mobile has-default-gap has-vertical-unset\" id=\"wp-block-themeisle-blocks-advanced-columns-a0c08034\"><div class=\"wp-block-themeisle-blocks-advanced-columns-overlay\"><\/div><div class=\"innerblocks-wrap\">\n<div class=\"wp-block-themeisle-blocks-advanced-column\" id=\"wp-block-themeisle-blocks-advanced-column-65daad3c\">\n<div class=\"wp-block-image\"><figure class=\"aligncenter size-large is-resized\"><img loading=\"lazy\" decoding=\"async\" src=\"https:\/\/qol.com.ar\/wp-content\/uploads\/2021\/01\/logo-B-pendiente.png\" alt=\"\" class=\"wp-image-735\" width=\"398\" height=\"568\" srcset=\"https:\/\/qol.com.ar\/wp-content\/uploads\/2021\/01\/logo-B-pendiente.png 362w, https:\/\/qol.com.ar\/wp-content\/uploads\/2021\/01\/logo-B-pendiente-210x300.png 210w\" sizes=\"(max-width: 398px) 100vw, 398px\" \/><\/figure><\/div>\n\n\n\n<iframe loading=\"lazy\" width=\"560\" height=\"315\" src=\"https:\/\/www.youtube.com\/embed\/uxqeJD2Jb_g\" frameborder=\"0\" allow=\"accelerometer; autoplay; clipboard-write; encrypted-media; gyroscope; picture-in-picture\" allowfullscreen=\"\"><\/iframe>\n<\/div>\n<\/div><\/div>\n<\/div>\n\n\n\n<div class=\"wp-block-themeisle-blocks-advanced-column neve-about-content\" id=\"wp-block-themeisle-blocks-advanced-column-0a55c5dd\">\n<div id=\"wp-block-themeisle-blocks-advanced-heading-367b3e89\" class=\"wp-block-themeisle-blocks-advanced-heading wp-block-themeisle-blocks-advanced-heading-367b3e89\">B Corp<\/div>\n\n\n\n<h2 id=\"wp-block-themeisle-blocks-advanced-heading-9d1c924e\" class=\"wp-block-themeisle-blocks-advanced-heading wp-block-themeisle-blocks-advanced-heading-9d1c924e\">B Corp <\/h2>\n\n\n\n<p id=\"wp-block-themeisle-blocks-advanced-heading-1469156f\" class=\"wp-block-themeisle-blocks-advanced-heading wp-block-themeisle-blocks-advanced-heading-1469156f\">Apuntamos a obtener la certificaci\u00f3n como <strong>B Corp<\/strong>.<br><br>La<strong>\u00a0B Corp<\/strong> (<em>B Corporation<\/em> \u00f3 Empresa B) es un tipo de empresa que utiliza el poder del mercado para dar soluciones concretas a\u00a0<strong>problemas sociales y ambientales<\/strong>.<br>La\u00a0<strong>Empresa B<\/strong>\u00a0opera bajo altos est\u00e1ndares\u00a0<em>sociales, ambientales y de transparencia<\/em>\u00a0y por sus estatutos toma decisiones corporativas legalmente vinculantes considerando no s\u00f3lo los intereses financieros , sino tambi\u00e9n otros intereses y de largo plazo tales como la de los empleados, los proveedores y clientes, <strong>la comunidad a la que pertenecen y el medio ambiente.<\/strong><br><br>Es importante saber que las\u00a0<em>Empresas B<\/em>\u00a0tienen otra forma de entender el mercado menos ego\u00edsta y avariciosa, para potenciar la labor del emprendedor creando y apostando por v<strong>alor para todos<\/strong>.<br>Una\u00a0<strong>B Corporation<\/strong>\u00a0se diferencia del resto de organizaciones por ser modelos innovadores que persiguen el\u00a0<strong>Triple Impacto<\/strong>:<br><br><strong>Prop\u00f3sito:<\/strong>\u00a0Crear impacto positivo en el \u00e1mbito social y el ambiental.<br><strong>Responsabilidad:<\/strong>\u00a0Tener en cuenta como fin primordial los intereses de los trabajadores, la comunidad y el medio ambiente.<br><strong>Transparencia:<\/strong>\u00a0Publicar informe anual sobre el impacto social y ambiental certificado por un organismo externo e independiente que le de veracidad a tus datos.<br><br>Cuantas m\u00e1s fuentes de inspiraci\u00f3n tenga la empresa para dar soluciones a problemas sociales y ambientales, m\u00e1s r\u00e1pido y profundo ser\u00e1 en cambio de tim\u00f3n hacia\u00a0<strong>una cultura empresarial a favor de la sostenibilidad<\/strong>.<\/p>\n\n\n\n<p><\/p>\n<\/div>\n<\/div><\/div>\n\n\n\n<p><\/p>\n","protected":false},"excerpt":{"rendered":"","protected":false},"author":1,"featured_media":0,"parent":0,"menu_order":0,"comment_status":"closed","ping_status":"closed","template":"","meta":{"neve_meta_sidebar":"full-width","neve_meta_container":"","neve_meta_enable_content_width":"on","neve_meta_content_width":100,"neve_meta_title_alignment":"","neve_meta_author_avatar":"","neve_post_elements_order":"","neve_meta_disable_header":"","neve_meta_disable_footer":"","neve_meta_disable_title":"","_themeisle_gutenberg_block_has_review":false,"footnotes":""},"_links":{"self":[{"href":"https:\/\/qol.com.ar\/index.php\/wp-json\/wp\/v2\/pages\/734"}],"collection":[{"href":"https:\/\/qol.com.ar\/index.php\/wp-json\/wp\/v2\/pages"}],"about":[{"href":"https:\/\/qol.com.ar\/index.php\/wp-json\/wp\/v2\/types\/page"}],"author":[{"embeddable":true,"href":"https:\/\/qol.com.ar\/index.php\/wp-json\/wp\/v2\/users\/1"}],"replies":[{"embeddable":true,"href":"https:\/\/qol.com.ar\/index.php\/wp-json\/wp\/v2\/comments?post=734"}],"version-history":[{"count":6,"href":"https:\/\/qol.com.ar\/index.php\/wp-json\/wp\/v2\/pages\/734\/revisions"}],"predecessor-version":[{"id":961,"href":"https:\/\/qol.com.ar\/index.php\/wp-json\/wp\/v2\/pages\/734\/revisions\/961"}],"wp:attachment":[{"href":"https:\/\/qol.com.ar\/index.php\/wp-json\/wp\/v2\/media?parent=734"}],"curies":[{"name":"wp","href":"https:\/\/api.w.org\/{rel}","templated":true}]}}