{"id":1082,"date":"2021-01-21T13:56:07","date_gmt":"2021-01-21T13:56:07","guid":{"rendered":"https:\/\/qol.com.ar\/?page_id=1082"},"modified":"2022-02-12T23:07:42","modified_gmt":"2022-02-12T23:07:42","slug":"curriculum-mauro-javier-andres","status":"publish","type":"page","link":"https:\/\/qol.com.ar\/index.php\/curriculum-mauro-javier-andres\/","title":{"rendered":"Curriculum Mauro Javier Andres"},"content":{"rendered":"\n<div class=\"wp-block-themeisle-blocks-advanced-columns alignfull has-1-columns has-desktop-equal-layout has-tablet-equal-layout has-mobile-equal-layout has-nogap-gap has-vertical-unset\" id=\"wp-block-themeisle-blocks-advanced-columns-62bf3e62\"><div class=\"wp-block-themeisle-blocks-advanced-columns-overlay\"><\/div><div class=\"innerblocks-wrap\">\n<div class=\"wp-block-themeisle-blocks-advanced-column\" id=\"wp-block-themeisle-blocks-advanced-column-918c339a\">\n<div id=\"wp-block-themeisle-blocks-advanced-heading-c3e2d3f5\" class=\"wp-block-themeisle-blocks-advanced-heading wp-block-themeisle-blocks-advanced-heading-c3e2d3f5\"><\/div>\n\n\n\n<div class=\"wp-block-image is-style-rounded\"><figure class=\"aligncenter size-large is-resized\"><img loading=\"lazy\" decoding=\"async\" src=\"https:\/\/qol.com.ar\/wp-content\/uploads\/2021\/01\/Mauro-Javier-Andres717pxAltura-2.jpg\" alt=\"\" class=\"wp-image-833\" width=\"480\" height=\"359\" srcset=\"https:\/\/qol.com.ar\/wp-content\/uploads\/2021\/01\/Mauro-Javier-Andres717pxAltura-2.jpg 960w, https:\/\/qol.com.ar\/wp-content\/uploads\/2021\/01\/Mauro-Javier-Andres717pxAltura-2-300x224.jpg 300w, https:\/\/qol.com.ar\/wp-content\/uploads\/2021\/01\/Mauro-Javier-Andres717pxAltura-2-768x574.jpg 768w\" sizes=\"(max-width: 480px) 100vw, 480px\" \/><\/figure><\/div>\n\n\n\n<h2 id=\"wp-block-themeisle-blocks-advanced-heading-b7b5ba5c\" class=\"wp-block-themeisle-blocks-advanced-heading wp-block-themeisle-blocks-advanced-heading-b7b5ba5c\"><br><br>Apellido: Andres<br>Nombre: Mauro Javier<\/h2>\n\n\n\n<div id=\"wp-block-themeisle-blocks-advanced-heading-6f91d4de\" class=\"wp-block-themeisle-blocks-advanced-heading wp-block-themeisle-blocks-advanced-heading-6f91d4de\">mauroa@qol.com.ar<\/div>\n\n\n\n<div class=\"wp-block-themeisle-blocks-testimonials\">\n<div class=\"wp-block-themeisle-blocks-advanced-columns has-2-columns has-desktop-oneTwo-layout has-tablet-collapsedRows-layout has-mobile-collapsedRows-layout has-nogap-gap has-vertical-center\" id=\"wp-block-themeisle-blocks-advanced-columns-3a94931b\"><div class=\"wp-block-themeisle-blocks-advanced-columns-overlay\"><\/div><div class=\"innerblocks-wrap\">\n<div class=\"wp-block-themeisle-blocks-advanced-column\" id=\"wp-block-themeisle-blocks-advanced-column-34d30865\">\n<div class=\"wp-block-themeisle-blocks-advanced-columns has-1-columns has-desktop-equal-layout hide-in-tablet hide-in-mobile has-nogap-gap has-vertical-unset\" id=\"wp-block-themeisle-blocks-advanced-columns-fd725edf\"><div class=\"wp-block-themeisle-blocks-advanced-columns-overlay\"><\/div><div class=\"innerblocks-wrap\">\n<div class=\"wp-block-themeisle-blocks-advanced-column\" id=\"wp-block-themeisle-blocks-advanced-column-4449b9cd\">\n<p><\/p>\n<\/div>\n<\/div><\/div>\n<\/div>\n\n\n\n<div class=\"wp-block-themeisle-blocks-advanced-column\" id=\"wp-block-themeisle-blocks-advanced-column-07932533\">\n<p id=\"wp-block-themeisle-blocks-advanced-heading-efc943bb\" class=\"wp-block-themeisle-blocks-advanced-heading wp-block-themeisle-blocks-advanced-heading-efc943bb\"><strong>Es Coach, Capacitador y Consultor.<\/strong><br><br>\u201cDiplomado Universitario de Capacitaci\u00f3n Docente en Neurociencias\u00bb por la Universidad Abierta Interamericana. &#8211; 2021<br><br>Certificado internacional en \u00abCoach de emprendedores\u00bb por Europa Campus y Universidad Corporativa RME.\u00a0<a href=\"https:\/\/www.facebook.com\/danzimauro\">https:\/\/www.facebook.com\/danzimauro<\/a><br><br>Certificado trainer (entrenador\/capacitador) -por la JCI Junior Chamber International (C\u00e1mara Junior Internacional).\u00a0<a href=\"http:\/\/www.jci.cc\/\">www.jci.cc<\/a><br><br>Estudi\u00f3 \u00abIntroducci\u00f3n a la neuroeducaci\u00f3n\u00bb en la Universidad Nacional de Rosario (campus virtual) \u2013 2018<br><br>Estudi\u00f3 \u201cManejo del estr\u00e9s\u201d en Universidad Tecnol\u00f3gica Nacional FRRQ &#8211; 2022<br><br>Es \u201cDiplomado en Administraci\u00f3n de Consorcios de Propiedad Horizontal\u201d en Universidad Nacional del Sur &#8211; 2021<br><br>Premiado \u201cEmprendedor revelaci\u00f3n 2018\u201d por la RME Red Mundial de Emprendedores.\u00a0<a href=\"https:\/\/www.facebook.com\/danzimauro\">https:\/\/www.facebook.com\/danzimauro<\/a><br><br>Nombrado para argentina \u00abEmbajador universal por la paz\u00bb \u2013 Cercle univ. ambassadeurs de la paix \u2013 ginebra, suiza (C\u00edrculo Universal de Embajadores de la Paz)\u00a0\u00a0<a href=\"http:\/\/www.philapaix.org\/index\/sommes\/ambassadeurs.htm\">http:\/\/www.philapaix.org\/index\/sommes\/ambassadeurs.htm<\/a>\u00a0\u00a0<a href=\"http:\/\/globalcommunitywebnet.com\/peacenow\/simond.htm\">http:\/\/globalcommunitywebnet.com\/peacenow\/simond.htm<\/a><br><br>Miembro de la comisi\u00f3n directiva de la \u00abAsociaci\u00f3n de Amigos de los 2 Museos de Arte de Bah\u00eda Blanca\u00bb.\u00a0<a href=\"http:\/\/www.facebook.com\/aca2museos\">www.facebook.com\/aca2museos<\/a><br><br><strong>Actualmente dicta el taller anual online \u00abClaves de Felicidad, Amistad y Longevidad\u00bb<\/strong> en Universidad Tecnol\u00f3gica Nacional Facultad Regional Bah\u00eda Blanca dentro del programa UPAMI. El cual por su el inter\u00e9s generado ha abierto una segunda comisi\u00f3n.<br><br><strong>Actualmente dicta su videocurso \u00abInteligencia Emocional Aplicada\u00bb con una llegada a m\u00e1s de 800 alumnos en m\u00e1s de 15 pa\u00edses.<\/strong>\u00a0<a href=\"http:\/\/12watts.hostingbahia.com.ar\/index.php\/curso-virtual\/\">http:\/\/12watts.hostingbahia.com.ar\/index.php\/curso-virtual\/<\/a><br><em><strong>Brinda acceso gratuito a su videocurso \u00abInteligencia Emocional Aplicada\u00bb a:<\/strong>\u00a0Personas con leucemia y a sus familiares y allegados, Trabajadores de la Sanidad, Estudiantes del \u00e1rea de educaci\u00f3n de todos los paises, Estudiantes, personal docente y no docente de Universidad Nacional del Sur y del Instituto Superior Pedro Goyena, Personal y pacientes de IREL Instituto de Reabilitaci\u00f3n Integral, Agrupaciones Scout, y a empleados, socios, j\u00f3venes y adolescentes de Infinito por Descubrir Argentina.\u00a0<\/em><br><br>Actualmente comercializa \u00abKits para Capacitadores\u00bb por medio de los cuales brinda el material completo audiovisual y escrito para que capacitadores, coaches, educadores, psic\u00f3logos, terapeutas y l\u00edderes de todo el mundo puedan Desarrollar las Habilidades de las personas.\u00a0<a href=\"http:\/\/12watts.hostingbahia.com.ar\/index.php\/kits-para-capacitadores\/\">http:\/\/12watts.hostingbahia.com.ar\/index.php\/kits-para-capacitadores\/<\/a><br><br>Es Coach y Capacitador en marketing, ventas y habilidades blandas en la empresa Nexus\u00a0<a href=\"http:\/\/www.nexusarg.com\/\">www.nexusarg.com\u00a0<\/a><a href=\"https:\/\/www.facebook.com\/12watts.org\/photos\/pcb.993844604310022\/993844350976714\/?type=3&amp;theater\">https:\/\/www.facebook.com\/12watts.org\/photos\/pcb.993844604310022\/993844350976714\/?type=3&amp;theater<\/a><br><br>Fue Coach en Inteligencia Emocional y Habilidades Blandas de los adolescentes AM Models Agency (Escuela de modelaje): \u2013 2020 &#8211; 2021 \u00a0<br><br>Brind\u00f3 el Taller Intensivo Presencial \u201cInteligencia Emocional y manejo del estr\u00e9s\u201d en Biblioteca Popular Bernardino Rivadavia, Bah\u00eda Blanca, Argentina &#8211; 2021<br><br>Brind\u00f3 el Taller Presencial \u201cInteligencia Emocional en la oratoria\u201d en Biblioteca Popular y Centro Cultural Juan Bautista Alberdi en ciudad de Punta Alta, Argentina \u2013 2021<br><br>Fue jurado evaluando las ponencias de los alumnos en el cierre de a\u00f1o del Curso de Oratoria de MaximizArte en en Biblioteca Popular y Centro Cultural Juan Bautista Alberdi en ciudad de Punta Alta, Argentina \u2013 2021<br><br>Brind\u00f3 el Taller Online \u00abInteligencia Emocional en las Organizaciones\u00bb en modo Gamificaci\u00f3n abierto a todo p\u00fablico\u00a0 en el Segundo Evento de cierre de a\u00f1o llamado \u00abExpo T\u00e9cnica 2020\u00bb del Instituto Superior de Formaci\u00f3n Docente Nro. 167. Tres Arroyos, Argentina. \u2013 Noviembre 2020<br><a href=\"https:\/\/www.facebook.com\/media\/set\/?vanity=12watts.org&amp;set=a.1274830196211460\">https:\/\/www.facebook.com\/media\/set\/?vanity=12watts.org&amp;set=a.1274830196211460<\/a><br><br>Brind\u00f3 el Taller Online \u00abInteligencia Emocional en las Organizaciones\u00bb en el Primer Evento de cierre de a\u00f1o llamado \u00abExpo T\u00e9cnica 2020\u00bb para alumnos y docentes del Instituto Superior de Formaci\u00f3n Docente Nro. 167. Tres Arroyos, Argentina. \u2013 Noviembre 2020<br><a href=\"https:\/\/www.facebook.com\/media\/set\/?vanity=12watts.org&amp;set=a.1263600567334423\">https:\/\/www.facebook.com\/media\/set\/?vanity=12watts.org&amp;set=a.1263600567334423<\/a><br><br>Dict\u00f3 la Clase Magistral sobre \u00abInteligencia Emocional en la Organizaci\u00f3n de Eventos\u00bb para la Diplomatura en Organizaci\u00f3n y Gesti\u00f3n de Eventos de la Universidad Nacional del Sur \u2013 2020.<br><br>Entrevistado por \u00abInfinito por Descubrir Bah\u00eda Blanca\u00bb sobre \u00abReflexiones sobre Inteligencia Emocional\u00bb para su Canal de YouTube \u2013 2020.\u00a0<a href=\"https:\/\/tinyurl.com\/yxrltpu4\">https:\/\/tinyurl.com\/yxrltpu4<\/a><br><br>Fue entrevistado en Vivo en Instagram sobre \u00abInteligencia Emocional y Autoestima\u00bb para @Luciana Andres Facilitadora \u2013 2020\u00a0<a href=\"https:\/\/youtu.be\/411t1zwt8oc\">https:\/\/youtu.be\/411t1zwt8oc<\/a><br><br>Fue entrevistado en Vivo en Instagram sobre \u00abInteligencia Emocional y Distorsiones Cognitivas\u00bb para D\u00e9bora Quilaqueo Coach \u2013 2020<a href=\"https:\/\/youtu.be\/JVeRm2lZtdc\">https:\/\/youtu.be\/JVeRm2lZtdc<\/a><br><br>Dict\u00f3 la Clase Magistral en Vivo por StreamYard sobre \u00abInteligencia Emocional y Distorsiones Cognitivas\u00bb para la empresa de capaciaci\u00f3n\u00a0Impacto Vital Per\u00fa \u2013 2020\u00a0\u00a0<a href=\"https:\/\/youtu.be\/ayjBpKET3Qs\">https:\/\/youtu.be\/ayjBpKET3Qs<\/a><br><br>Fue entrevistado por FM TOP sobre \u00abPandemia e Inteligencia Emocional\u00bb \u2013 2020<br><br>Expuso sobre \u201cInteligencia emocional y manejo del estr\u00e9s\u201d en el XXIII Seminario Provincial de J\u00f3venes Graduados en Ciencias Econ\u00f3micas de la provincia de Buenos Aires \u2013 2019.<br><br>Dict\u00f3 el taller \u201cInteligencia emocional, seg\u00fan Harvard. 10 habilidades desde la neurociencia para gestionar las emociones, concentrarse, ser productivo y manejar el estr\u00e9s.\u201d en la Universidad Nacional del Sur \u2013 2019.<br><br>Dict\u00f3 el taller \u201cInteligencia emocional, seg\u00fan Harvard. 10 habilidades desde la neurociencia para gestionar las emociones, concentrarse, ser productivo y manejar el estr\u00e9s.\u201d en la Universidad Tecnologica Nacional de Bah\u00eda Blanca \u2013 centro de estudiantes tecnol\u00f3gicos \u2013 2019<br><a href=\"https:\/\/www.facebook.com\/pg\/12watts.org\/photos\/?tab=album&amp;album_id=858060174555133&amp;__tn__=-uc-r\">https:\/\/www.facebook.com\/pg\/12watts.org\/photos\/?tab=album&amp;album_id=858060174555133&amp;__tn__=-uc-r<\/a><br><br>Dict\u00f3 el taller \u201cInteligencia emocional, empat\u00eda, compasi\u00f3n y falicidad\u201d en el Foro de Grupo 2019 \u2013 Caminantes Araucanos \u2013 Rovers Papa Francisco \u2013 Grupo scout San Antonio Mar\u00eda Claret \u2013 Distrito 4 \u2013 Zona 13 \u2013 2019\u00a0<a href=\"https:\/\/www.facebook.com\/pg\/12watts.org\/photos\/?tab=album&amp;album_id=859260737768410&amp;__tn__=-uc-r\">https:\/\/www.facebook.com\/pg\/12watts.org\/photos\/?tab=album&amp;album_id=859260737768410&amp;__tn__=-uc-r<\/a><br><br>Fue miembro de la C\u00e1mara de J\u00f3venes Empresarios de Bah\u00eda Blanca y de la C\u00e1mara de Emprendedores del Sur.<br><br>Disertante del tema: \u201cExperiencias emprendedoras\u201d en el Emprende Day Universitario \u2013 UTN FRBB Universidad Tecnol\u00f3gica Nacional Facultad Regional\u00a0 Bah\u00eda Blanca. \u2013 2019<br><br>Cre\u00f3 y dict\u00f3 el taller \u201c6 habilidades para emprender, seg\u00fan Harvard\u201d en el Penal Nro. 4 de Bah\u00eda Blanca brindando las habilidades: inteligencia emocional, marketing, neuroventas, ventas y negociaci\u00f3n, oratoria, trabajo en equipo, conducci\u00f3n de reuniones y administraci\u00f3n del tiempo. \u2013 2019<br><br>Dict\u00f3 el taller intensivo \u00abAdapta tu negocio al mundo digital\u00bb en UCIAPA Uni\u00f3n del Comercio, Industria y Agro de Punta Alta \u2013 2019\u00a0\u00a0<a href=\"https:\/\/www.facebook.com\/pg\/12watts.org\/photos\/?tab=album&amp;album_id=835418196819331\">https:\/\/www.facebook.com\/pg\/12watts.org\/photos\/?tab=album&amp;album_id=835418196819331<\/a><br><br>Dict\u00f3 la disertaci\u00f3n \u00abO labirinto do empreendedor ferramentas para o empreendedor e experi\u00eancias de a\u00e7\u00f5es com um fim social\u00bb (El Labertinto del emprendedor \u2013 Herramientas para el Emprendedor y Experiencias de Acciones con Fin Social) en la Universidade Federal de Vi\u00e7osa, Brasil \u2013 2018<br>https:\/\/www.facebook.com\/media\/set\/?set=a.714708142223671&amp;type=1&amp;l=3edb5e8661<br><br>Dict\u00f3 la disertaci\u00f3n \u00abO labirinto do empreendedor ferramentas para o empreendedor e experi\u00eancias de a\u00e7\u00f5es com um fim social\u00bb( El Labertinto del emprendedor \u2013 Herramientas para el Emprendedor y Experiencias de Acciones con Fin Social) en la Faculdade de Vi\u00e7osa, Brasil \u2013 2018<br><br>Fue profesor de &#8220;Ecommerce Manager&#8221; para el Estudio Fioramonti SRL \u2013 2018<br>Capacit\u00f3 en \u00abOratoria\u00bb a los miembros de argentina de la RME Red Mundial de Emprendedores \u2013 2018<br><br>Fue capacitador del \u00abTaller de conducci\u00f3n de radio\u00bb para <strong>UPAMI<\/strong>. Universidad Nacional del Sur en convenio con PAMI \u2013 2018<br>Particip\u00f3 de las \u00abJornadas de educaci\u00f3n y neurociencia\u00bb dictadas por el Dr. Roberto Rosler \u2013 Instituto Superior Pedro Goyena \u2013 2017<br><br>Fue panelista en la mesa de debate de la #semanadelamiel aportando la visi\u00f3n desde el mundo del comercio electr\u00f3nico al mundo apicultor \u2013 Instituto Superior Pedro Goyena \u2013 2017<br><br>Particip\u00f3 de las jornadas de \u00abPlanificaci\u00f3n y gesti\u00f3n de proyectos\u00bb y \u00abAn\u00e1lisis y evaluaci\u00f3n\u00bb. Subsecretar\u00eda de desarrollo institucional productivo del ministerio de producci\u00f3n de la naci\u00f3n \u2013 2017<br><br>Particip\u00f3 de la CACE C\u00e1mara Argentina de Comercio Electr\u00f3nico Regi\u00f3n Cono Sur.<br><br>Dict\u00f3 el taller \u00abIntroducci\u00f3n al comercio electr\u00f3nico\u00bb en la UTN FRBB Universidad Tecnol\u00f3gica Nacional Facultad Regional Bah\u00eda Blanca.<br><br>Dict\u00f3 el taller \u00abIntroducci\u00f3n al comercio electr\u00f3nico\u00bb \u2013 Instituto Superior Pedro Goyena \u2013 2017\u00a0<a href=\"https:\/\/www.facebook.com\/12watts.org\/posts\/501661080195046\">https:\/\/www.facebook.com\/12watts.org\/posts\/501661080195046<\/a><br><br>Dict\u00f3 el workshop \u00abCreando mi sitio web\u00bb en la Corporaci\u00f3n del Comercio, Industria y Servicios de Bah\u00eda Blanca \u2013 2017<br><br>Dict\u00f3 la charla \u00abLa relaci\u00f3n entre el comercio internacional, el comercio electr\u00f3nico, y sobre c\u00f3mo desarrollar el pensamiento estrat\u00e9gico para ser parte del futuro \u00bb a alumnos del Instituto Superior 191 de Bah\u00eda Blanca \u2013 2017<br><br>Dict\u00f3 la charla \u00abH\u00e1bitos para ser la mejor versi\u00f3n de nosotros mismos en lo personal y profesional\u00bb a alumnos del Instituto Superior 191 de Bah\u00eda Blanca \u2013 2017<br><br>Idea y coordinaci\u00f3n \u00abProyecto Audantes de Santa\u00bb. Taller de creaci\u00f3n de juegos did\u00e1cticos \u00abSmith Hill\u00bb dentro del Penal Nro. 4 de Bah\u00eda Blanca, donde participaron internos y voluntarios externos con el fin de donar estos 100 juegos a ni\u00f1os carenciados, ni\u00f1os enfermos y a jardines de infantes municipales. Este juego estimula la inteligencia y creatividad de ni\u00f1os de 3 a 5 a\u00f1os \u2013 2016<br><br>Presidente ONG JCI Junior Chamber International (C\u00e1mara Junior Internacional)\u00a0<a href=\"http:\/\/www.jci.cc\/\">http:\/\/www.jci.cc\u00a0<\/a>\u2013 Primer semestre 2015<br><br>Idea y coordinaci\u00f3n \u00abTalleres Spa de la Corporaci\u00f3n\u00bb con el agregado de la subasta de obras creadas a beneficio de <br>Fundaci\u00f3n Lazos. Corporaci\u00f3n del Comercio, Industria y Servicios de Bah\u00eda Blanca \u2013 2014<br><br>Dict\u00f3 la disertaci\u00f3n de \u201cMotivaci\u00f3n y liderazgo\u201d para miembros de la C\u00e1mara Junior Internacional \u2013 2014\u00a0<a href=\"http:\/\/www.jci.cc\/\">www.jci.cc<\/a><br><br>Idea y coordinador del taller \u00abMi novela al mundo\u00bb, para adultos mayores en <strong>UPAMI <\/strong>Universidad Nacional del Sur para PAMI \u2013\u00a02014 \u2013\u00a0<a href=\"https:\/\/www.facebook.com\/maurojandres\/media_set?set=a.10203453386393601.1073741911.1181197751&amp;type=3\">https:\/\/www.facebook.com\/maurojandres\/media_set?set=a.10203453386393601.1073741911.1181197751&amp;type=3<\/a><br><br>Idea y coordinaci\u00f3n del proyecto Kit infantil de libro y CD de audio \u00abCuentos para chicos por grandes\u00bb recaudando fondos para el Centro de Asistencia Infantil Palomitas Blancas\u2013 Asociaci\u00f3n Civil Piedra Libre \u2013 2013\/2014.<br><br>Vicepresidente \u2013 coordinador de equipos y proyectos \u2013 ONG JCI Junior Chamber International (C\u00e1mara Junior Internacional)\u00a0<a href=\"http:\/\/www.jci.cc\/es\">http:\/\/www.jci.cc\/es\u00a0<\/a>\u2013 2013.<br><br>Director y disertante del evento: \u201cVermouth Joomla \u2013 Dise\u00f1o web para Emprendedores\u201d \u2013 ONG JCI C\u00e1mara Junior International (C\u00e1mara Junior Internacional) \u2013 2013.<br><br>Miembro en equipo organizador del evento: \u201cTOYP Premiaci\u00f3n a j\u00f3venes sobresalientes de la provincia de Buenos Aires\u201d. JCI Junior Chamber International (C\u00e1mara Junior Internacional) \u2013 2013.<br><br>Tom\u00f3 el curso \u00abImpact\u00bb (Realizar cambios positivos en las comunidades) \u2013 ONG JCI Junior Chamber International (C\u00e1mara Junior Internacional)\u00a0<a href=\"http:\/\/www.jci.cc\/\">www.jci.cc<\/a><br><br>Fundador y profesor de la \u00abEscuela de tecnolog\u00edas\u00bb \u2013 Sociedad de fomento barrio El Nacional \u2013 2012.<br><br>Idea y direcci\u00f3n del evento: \u201cCapacitaciones para Organizaciones Civiles\u201d \u2013 ONG JCI Junior Chamber International (C\u00e1mara Junior Internacional) \u2013 2011.\u00a0<a href=\"http:\/\/organizacionesciviles.blogspot.com\/\">http:\/\/organizacionesciviles.blogspot.com\/<\/a><br><br>Dictado de seminario \u201cComercio Electr\u00f3nico para Emprendedores\u201d \u2013 Corporaci\u00f3n del Comercio, Industria y Servicios de Bah\u00eda Blanca \u2013 2011.<br><br>Tom\u00f3 el curso \u201cEscuela municipal de gobierno\u201d \u2013 Municipalidad de Bah\u00eda Blanca.<br><br>Obtuvo la certificaci\u00f3n trainner (Capacitador) \u2013 ONG JCI Junior Chamber International (C\u00e1mara Junior Internacional)\u00a0<a href=\"http:\/\/www.jci.cc\/\">www.jci.cc<\/a><br><br>Obtuvo la certificaci\u00f3n \u00abPresenter\u00bb (Presentaciones efectivas) \u2013 ONG JCI Junior Chamber International (C\u00e1mara Junior Internacional)\u00a0<a href=\"http:\/\/www.jci.cc\/\">www.jci.cc<\/a><br><br>Tom\u00f3 el curso de Animador y Coordinador de Grupos \u2013 ISPAJ Instituto Superior de Pastoral Juvenil.<br><br>Miembro del Equipo de Pastoral Juventud del Arzobispado de Bah\u00eda Blanca. 2000. Coordinando y capacitando agrupaciones juveniles de la regi\u00f3n y ciudad.<br><br>Ya desde sus 11 a\u00f1os desarrollo experiencia en coordinaci\u00f3n de grupos en el Grupo Juvenil de la Parroquia Nuestra Se\u00f1ora de Pompeya. Bah\u00eda Blanca.<br><br>Particip\u00f3 de capacitaciones de trabajo en equipo, oratoria, planificaci\u00f3n de proyectos, capacitador, administraci\u00f3n del tiempo, negociaci\u00f3n, reuniones eficaces, normas parlamentarias, psicolog\u00eda emocional: asertividad, empat\u00eda, comunicaci\u00f3n.<br><br>Trabaj\u00f3 desde el a\u00f1o 2000 para empresas como Telef\u00f3nica Call Center, Movistar Casa Central, Favacard, Telecom Personal, Celular Group.<\/p>\n\n\n\n<p id=\"wp-block-themeisle-blocks-advanced-heading-fa09a0a5\" class=\"wp-block-themeisle-blocks-advanced-heading wp-block-themeisle-blocks-advanced-heading-fa09a0a5\"><\/p>\n<\/div>\n<\/div><\/div>\n<\/div>\n<\/div>\n<\/div><\/div>\n","protected":false},"excerpt":{"rendered":"","protected":false},"author":1,"featured_media":0,"parent":0,"menu_order":0,"comment_status":"closed","ping_status":"closed","template":"","meta":{"neve_meta_sidebar":"full-width","neve_meta_container":"default","neve_meta_enable_content_width":"on","neve_meta_content_width":100,"neve_meta_title_alignment":"","neve_meta_author_avatar":"","neve_post_elements_order":"","neve_meta_disable_header":"","neve_meta_disable_footer":"","neve_meta_disable_title":"on","_themeisle_gutenberg_block_has_review":false,"footnotes":""},"_links":{"self":[{"href":"https:\/\/qol.com.ar\/index.php\/wp-json\/wp\/v2\/pages\/1082"}],"collection":[{"href":"https:\/\/qol.com.ar\/index.php\/wp-json\/wp\/v2\/pages"}],"about":[{"href":"https:\/\/qol.com.ar\/index.php\/wp-json\/wp\/v2\/types\/page"}],"author":[{"embeddable":true,"href":"https:\/\/qol.com.ar\/index.php\/wp-json\/wp\/v2\/users\/1"}],"replies":[{"embeddable":true,"href":"https:\/\/qol.com.ar\/index.php\/wp-json\/wp\/v2\/comments?post=1082"}],"version-history":[{"count":15,"href":"https:\/\/qol.com.ar\/index.php\/wp-json\/wp\/v2\/pages\/1082\/revisions"}],"predecessor-version":[{"id":1305,"href":"https:\/\/qol.com.ar\/index.php\/wp-json\/wp\/v2\/pages\/1082\/revisions\/1305"}],"wp:attachment":[{"href":"https:\/\/qol.com.ar\/index.php\/wp-json\/wp\/v2\/media?parent=1082"}],"curies":[{"name":"wp","href":"https:\/\/api.w.org\/{rel}","templated":true}]}}