{"id":1080,"date":"2021-01-21T13:47:24","date_gmt":"2021-01-21T13:47:24","guid":{"rendered":"https:\/\/qol.com.ar\/?page_id=1080"},"modified":"2021-02-08T18:09:27","modified_gmt":"2021-02-08T18:09:27","slug":"curriculum-diego-montero","status":"publish","type":"page","link":"https:\/\/qol.com.ar\/index.php\/curriculum-diego-montero\/","title":{"rendered":"Curriculum Diego Montero"},"content":{"rendered":"\n<div class=\"wp-block-themeisle-blocks-advanced-columns has-1-columns has-desktop-equal-layout has-tablet-equal-layout has-mobile-equal-layout has-nogap-gap has-vertical-unset\" id=\"wp-block-themeisle-blocks-advanced-columns-43d8d348\"><div class=\"wp-block-themeisle-blocks-advanced-columns-overlay\"><\/div><div class=\"innerblocks-wrap\">\n<div class=\"wp-block-themeisle-blocks-advanced-column\" id=\"wp-block-themeisle-blocks-advanced-column-6c08d508\">\n<div class=\"wp-block-themeisle-blocks-advanced-columns alignfull has-1-columns has-desktop-equal-layout has-tablet-equal-layout has-mobile-equal-layout has-nogap-gap has-vertical-unset\" id=\"wp-block-themeisle-blocks-advanced-columns-fe812285\"><div class=\"wp-block-themeisle-blocks-advanced-columns-overlay\"><\/div><div class=\"innerblocks-wrap\">\n<div class=\"wp-block-themeisle-blocks-advanced-column\" id=\"wp-block-themeisle-blocks-advanced-column-4ba22aef\">\n<div id=\"wp-block-themeisle-blocks-advanced-heading-a05a36ec\" class=\"wp-block-themeisle-blocks-advanced-heading wp-block-themeisle-blocks-advanced-heading-a05a36ec\"><\/div>\n\n\n\n<div class=\"wp-block-image is-style-rounded\"><figure class=\"aligncenter size-large is-resized\"><img loading=\"lazy\" decoding=\"async\" src=\"https:\/\/qol.com.ar\/wp-content\/uploads\/2021\/01\/Diego-Montero-Cantarelli-717pxAltura.jpg\" alt=\"\" class=\"wp-image-826\" width=\"480\" height=\"359\" srcset=\"https:\/\/qol.com.ar\/wp-content\/uploads\/2021\/01\/Diego-Montero-Cantarelli-717pxAltura.jpg 960w, https:\/\/qol.com.ar\/wp-content\/uploads\/2021\/01\/Diego-Montero-Cantarelli-717pxAltura-300x224.jpg 300w, https:\/\/qol.com.ar\/wp-content\/uploads\/2021\/01\/Diego-Montero-Cantarelli-717pxAltura-768x574.jpg 768w\" sizes=\"(max-width: 480px) 100vw, 480px\" \/><\/figure><\/div>\n\n\n\n<h2 id=\"wp-block-themeisle-blocks-advanced-heading-55681a5e\" class=\"wp-block-themeisle-blocks-advanced-heading wp-block-themeisle-blocks-advanced-heading-55681a5e\"><br><br>Apellido: Montero<br>Nombre: Diego<\/h2>\n\n\n\n<div id=\"wp-block-themeisle-blocks-advanced-heading-3172cc46\" class=\"wp-block-themeisle-blocks-advanced-heading wp-block-themeisle-blocks-advanced-heading-3172cc46\">diegom@qol.com.ar<\/div>\n\n\n\n<div class=\"wp-block-themeisle-blocks-testimonials\">\n<div class=\"wp-block-themeisle-blocks-advanced-columns has-2-columns has-desktop-oneTwo-layout has-tablet-collapsedRows-layout has-mobile-collapsedRows-layout has-nogap-gap has-vertical-center\" id=\"wp-block-themeisle-blocks-advanced-columns-195ab559\"><div class=\"wp-block-themeisle-blocks-advanced-columns-overlay\"><\/div><div class=\"innerblocks-wrap\">\n<div class=\"wp-block-themeisle-blocks-advanced-column\" id=\"wp-block-themeisle-blocks-advanced-column-ebbd3c29\">\n<div class=\"wp-block-themeisle-blocks-advanced-columns has-1-columns has-desktop-equal-layout hide-in-tablet hide-in-mobile has-nogap-gap has-vertical-unset\" id=\"wp-block-themeisle-blocks-advanced-columns-60b775a1\"><div class=\"wp-block-themeisle-blocks-advanced-columns-overlay\"><\/div><div class=\"innerblocks-wrap\">\n<div class=\"wp-block-themeisle-blocks-advanced-column\" id=\"wp-block-themeisle-blocks-advanced-column-49000fe2\"><\/div>\n<\/div><\/div>\n<\/div>\n\n\n\n<div class=\"wp-block-themeisle-blocks-advanced-column\" id=\"wp-block-themeisle-blocks-advanced-column-4c4deb7a\">\n<p id=\"wp-block-themeisle-blocks-advanced-heading-776b298f\" class=\"wp-block-themeisle-blocks-advanced-heading wp-block-themeisle-blocks-advanced-heading-776b298f\"><strong>EXPERIENCIA LABORAL<\/strong><br><br><br><strong>Participaci\u00f3n en Organizaciones Sociales: y actividades sin fines de lucro:<\/strong><br><br>Presidente del Club #165 Bah\u00eda Blanca de Agora Speakers International, organizaci\u00f3n sin fines de lucro presente en m\u00e1s de 150 pa\u00edses cuya misi\u00f3n es la formaci\u00f3n de j\u00f3venes ciudadanos en general, en forma absolutamente gratuita,\u00a0 en liderazgo y oratoria, siguiendo el m\u00e9todo de la Universidad de Harvard. Sitio web: <a href=\"http:\/\/www.agoraspeakers.org\/\">http:\/\/www.agoraspeakers.org\/<\/a><br>Club Bah\u00eda Blanca <a href=\"https:\/\/www.facebook.com\/groups\/787528725318802\">https:\/\/www.facebook.com\/groups\/787528725318802<\/a>,<br><br>Coordinador de la formaci\u00f3n Metanoia y del Programa de desarrollo Humano (PDH): Liderazgo y Valores de la Red de Ciudadanos y co-organizada con la Secretar\u00eda de Cultura y Extensi\u00f3n de la Universidad Nacional del Sur (oct-nov. 2011, oct-nov 2013 y abril-junio 2014).<br>\u00a0<br>Fundador de la Red de Ciudadanos: cuya misi\u00f3n es propiciar el compromiso, la participaci\u00f3n ciudadana y el cambio<br>de valores en la pol\u00edtica (Desde 04\/2009) <a href=\"http:\/\/www.reddeciudadanos.com.ar\/\">www.reddeciudadanos.com.ar<\/a>\u00a0 \/\u00a0 https:\/\/www.facebook.com\/reddciudadanos<br><br>Miembro del Consejo de Administraci\u00f3n de Despierta Argentina (www.despiertaargentina.org), Asociaci\u00f3n Civil<br>dedicada a la capacitaci\u00f3n en Di\u00e1logos Apreciativos (appreciative inquiry). 2010-2012<br>\u00a0<br>Ex director ejecutivo del Banco de Alimentos de la ciudad de Bah\u00eda Blanca (Red Argentina http:\/\/www.redbdea.org.ar\/).<br>2009.<br><br>Co-fundador del Foro Social para la Transparencia (Buenos Aires 1999-2002): integrado por la Fundaci\u00f3n Poder<br>Ciudadano, Fundaci\u00f3n para el Cambio Democr\u00e1tico, Asociaci\u00f3n fiscales sin Fronteras, Asociaci\u00f3n Manos Limpias, Asociaci\u00f3n para la Transparencia en los Estados, CELS y otras. Con la participaci\u00f3n a nivel consultivo de la Organizaci\u00f3n de Estados Americanos (OEA), el Banco Interamericano de Desarrollo (BID) y el Banco Mundial (BM).<br>\u00a0<br>Tesorero de la Fundaci\u00f3n Aldhyana; que promueve una educaci\u00f3n hol\u00edstica (escuela primaria: Erap Nodo Sur) teniendo en cuenta los fundamentos de Pedagog\u00eda 3000. Abril 2012-Diciembre 2012. www.erapnodosur.com.ar<br>\u00a0<br>Fundador agrupaci\u00f3n multipartidaria: Nueva Conciencia en la Pol\u00edtica junio 2011-Octubre 2011<br>\u00a0<br>Fundador del Centro de Estudios de Administraci\u00f3n por Valores (CEAV, 2000).<br><br>\u00a0<br><strong>Actividad profesional:<\/strong><br><br><em>Director de Emprendedores. Municipalidad de Bah\u00eda Blanca<\/em>. 12\/2015 a 11\/2017.<br><br><em>Red de Apoyo al Emprendedor (RAE).<\/em> Fundaci\u00f3n de la Universidad Nacional del Sur (FUNS). 01\/2015 a 11\/2015<br><br>Coordinador administrativo del Programa Regional de Emprendedorismo e Innovaci\u00f3n para Ingenier\u00eda (BID) para Argentina, Brasil, Chile y Uruguay. Fundaci\u00f3n de la Universidad Nacional del Sur (FUNS); 09\/2009 a 12\/2014.<br><br><em>Coordinador de la Sede Bah\u00eda Blanca <\/em>(Universidad Nacional del Sur, Universidad Tecnol\u00f3gica Nacional y Universidad Provincial del Sudoeste) de las competencias internacionales Rally Latinoamericano de la Innovaci\u00f3n, Octubre 2014 y Octubre 2015.<br><br>Coordinador de las sedes de Argentina y Uruguay de la Competencia internacional \u201c24 hs de la Innovaci\u00f3n\u201d, Mayo 2012; y Coordinador de la Sede Bah\u00eda Blanca del evento 24 hs de la Innovaci\u00f3n; Mayo 2013, Mayo de 2014 y Mayo 2015 (Bah\u00eda<br>Blanca obtuvo en 1er premio internacional en los a\u00f1os 2013 y 2015):\u00a0<a href=\"http:\/\/24h-innovation.com\/\">http:\/\/24h-innovation.com<\/a><br><br><em>Co-organizador del 1er Festival de Innovaci\u00f3n P\u00fablica denominado Findemo <\/em>(findemo.org) (BID, P-Lab, PRECITyE, ). M\u00e1s de 200 personas: estudiantes de ingenier\u00eda y afines, emprendedores sociales e invitados acad\u00e9micos de todo el continente. Buenos Aires, 28 al 30 de marzo de 2014.<br><br><br><em>Gerente General. Cooperativa Agropecuaria Darregueira.<\/em> Fecha Inicial 01\/03\/2006. Fecha de Finalizaci\u00f3n 28\/02\/2008<br>Principales actividades y responsabilidades:<br>Gerente General de cooperativa agropecuaria con 35 empleados y 4 plantas de acopio. Comercializaci\u00f3n de insumos y productos agropecuarios. Planificaci\u00f3n financiera y de recursos humanos.<br><br><br><em>Presidente y fundador Cooperativa Arte-Ar Arte y Artesan\u00edas Argentinas.<\/em> Fecha Inicial 28\/02\/2002. Fecha de Finalizaci\u00f3n Principales actividades y responsabilidades:<br>Fundador de Cooperativa exportadora de artesan\u00edas y proveedora de servicios para la exportaci\u00f3n. Exportaci\u00f3n de<br>artesan\u00edas con la filosof\u00eda del Comercio Justo (Fair Trade)<br>a) Armado de la cooperativa.<br>b) Estrategia comercial y acuerdos beneficiosos con proveedores de servicios (UPS, DHL).<br>c) Participaci\u00f3n en misi\u00f3n comercial USA Canad\u00e1. Nov. 2004.<br>d) Participaci\u00f3n en la Misi\u00f3n Comercial a Venezuela y Panam\u00e1 junto a la consultora Promo Argentina<br>(<a href=\"http:\/\/www.promoargentina.com\/\" target=\"_blank\" rel=\"noreferrer noopener\">www.promoargentina.com<\/a>) y la embajada Argentina en Caracas, Set. 2005.<br>e) Concreci\u00f3n de exportaciones de artesan\u00edas a B\u00e9lgica, Espa\u00f1a, USA, Canad\u00e1 e Italia.<br><br><em>Responsable contable, Fundaci\u00f3n Poder Ciudadano. <\/em>Fecha de Inicio 15\/08\/2001. Fecha de Finalizaci\u00f3n 19\/12\/2001<br>Responsable de Administraci\u00f3n y Finanzas<br>Principales actividades y responsabilidades:<br>Responsable de Administraci\u00f3n y Finanzas (part time) por reemplazo de la encargada del \u00e1rea (licencia por maternidad).<br>a) Elaboraci\u00f3n de presupuestos mensuales y anual.<br>b) Realizaci\u00f3n de informes para la direcci\u00f3n ejecutiva.<br>c) Rendici\u00f3n de cuentas con organizaciones internacionales donantes (Avina, fundaci\u00f3n Henry Ford y otras)<br><br><em>Consultor consultora Ecomanagement.<\/em> Fechas de Inicio 01\/03\/2001. Fecha de Finalizaci\u00f3n 31\/12\/2001<br>Principales actividades y responsabilidades:<br>Consultora especialista en la formaci\u00f3n de emprendedores, cambio cultural y trabajo en equipo.<br><a href=\"http:\/\/www.ecomanagement.com.ar\/\" target=\"_blank\" rel=\"noreferrer noopener\">www.ecomanagement.com.ar<\/a><br><br><em>Coordinador general Participar.net (Virtual Media SA). <\/em>Fecha de Inicio 01\/07\/2000. Fecha de Finalizaci\u00f3n 31\/01\/2001<br>Empresa: Consultor\u00eda de Internet<br>Coordinador de equipos<br>Principales actividades y responsabilidades:<br>Empresa social basada en software y servicios web que vinculaba Organizaciones de la Sociedad Civil con donantes<br>institucionales (inversor-accionista Bernardo Neustadt).\u00a0<a href=\"http:\/\/www.participar.net\/\" target=\"_blank\" rel=\"noreferrer noopener\">www.Participar.net<\/a><br><br><em>Asistente de impuestos. Asociaci\u00f3n de Cooperativas Argentinas C.L..<\/em> Fecha de Inicio 11\/04\/1997. Fecha de Finalizaci\u00f3n Puesto o cargo ocupado:<br>Asistente de administraci\u00f3n e impuestos<br>Principales actividades y responsabilidades:<br>Realizaci\u00f3n del informe mensual consolidado de ingresos y control de las imputaciones contables.<br>Propuesta de nuevos proyectos.<br><br><em>Becario. Bolsa de Comercio de Bah\u00eda Blanca. <\/em>Fecha de Inicio 01\/04\/1996. Fecha de Finalizaci\u00f3n 10\/04\/1997<br>Empresa: Sector Burs\u00e1til \u2013 Financiero<br>Becario \u2013 Asesor burs\u00e1til<br>Principales actividades y responsabilidades:<br>Asesoramiento de compra de acciones y t\u00edtulos p\u00fablicos.<br>Propuesta de nuevos proyectos.<br><br><em>Administrador, Complejo Del Sol \u2013 Monte Hermoso.<\/em>\u00a0 Fecha de Inicio 01\/12\/1992. Fecha Finalizaci\u00f3n 30\/06\/1995<br>Empresa: sector turismo<br>Puesto o cargo ocupado:<br>Administrador general<br>Principales actividades y responsabilidades:<br>a) Negociaci\u00f3n con clientes y proveedores.<br>b) Direcci\u00f3n del personal.<br>c) Administraci\u00f3n general y elaboraci\u00f3n de informes contables.<br><br><br><strong>Actividades Docentes:<\/strong><br><strong>\u00a0<\/strong><br>Asistente de docencia, Universidad Provincial del Sudoeste (UPSO). 4\/2006 \u2013 2\/2011<br>\u00a0<br>Jefe de Trabajos Pr\u00e1cticos (JTP). Universidad Provincial del Sudoeste (UPSO). 4\/2011 \u2013 2\/2014<br>\u00a0<br>Profesor titular por concurso. Universidad Provincial del Sudoeste (UPSO). 2\/2013 \u2013actualidad<br>\u00a0<br>Materias a cargo. En forma permanente: Matem\u00e1tica Financiera, Taller de Matem\u00e1tica Financiera y\u00a0 Administraci\u00f3n Financiera. En forma transitoria: Bases Legales y Contables de la Explotaci\u00f3n Agropecuaria, Administraci\u00f3n, Principios de Administraci\u00f3n, Formulaci\u00f3n y Evaluaci\u00f3n de Proyectos.<br><br><strong>Otras Actividades Docentes<\/strong><br>Dictado del Taller de An\u00e1lisis de Negocios en la Localidad de Pu\u00e1n (en el marco de la Jornada de Capacitaci\u00f3n para<br>J\u00f3venes Empresarios y Emprendedores). 29\/10\/2014.<br><br>Dictado del Taller de An\u00e1lisis de Negocios CANVAS en la Localidad de Tres Arroyos (en el marco de la Jornada de<br>Capacitaci\u00f3n para J\u00f3venes Empresarios y Emprendedores). Setiembre 2015.<br><br><strong>Estudios de Posgrado:<\/strong><br><br>Aprobados:<br>\u201cDe la producci\u00f3n al consumo: Competitividad, Innovaci\u00f3n y Sustentabilidad\u201d (Nota: 10. Fecha:<br>15\/7\/2015),<br>\u201cEnfoque de Gesti\u00f3n por Competencias. Estrategias de Recursos Humanos y Perspectivas.\u201d (Nota: 9. Fecha<br>20\/08<br>Instituci\u00f3n:<br>Departamento de Ciencias de la Administraci\u00f3n de la Universidad Nacional del Sur (DCA UNS)<br><br>Fecha de Inicio 01\/03\/2015 \u2013 Fecha de Finalizaci\u00f3n 30\/10\/2015<br>Principales asignaturas o capacidades profesionales desarrolladas en el estudio\/actividad:<br>Competencias Emprendedoras<br>Nombre\/tipo de formaci\u00f3n:<br>Curso de Posgrado para profesores universitarios en Formaci\u00f3n en Competencias Emprendedoras (total 112 horas)<br>Calificaci\u00f3n:<br>Aprobado<br>Instituci\u00f3n y Fecha:<br>Universidad Nacional de General Sarmiento, 5\/11\/2015<br><br>Principales asignaturas o capacidades profesionales desarrolladas en el estudio\/actividad:<br>EMPRETEC \u2013 Taller de Desarrollo de Actitudes Emprendedoras.<br>Nombre\/tipo de formaci\u00f3n:<br>Programa Empretec<br>Organizaci\u00f3n de las Naciones Unidas. Bah\u00eda Blanca, Julio de 2014<br><br>Fecha de Inicio 17\/02\/2014. Fecha de Finalizaci\u00f3n 17\/03\/2014<br>Principales asignaturas o capacidades profesionales desarrolladas en el estudio\/actividad:<br>Desarrollo de Actitudes Emprendedoras.<br>Nombre\/tipo de formaci\u00f3n:<br>Programa de Desarrollo de Actitudes Emprendedoras (DAE).<br>Formaci\u00f3n para formadores, UPSO, febrero 2014<br><br>Fecha Noviembre de 2013<br>Principales asignaturas o capacidades profesionales desarrolladas en el estudio\/actividad:<br>Desarrollos de aptitudes emprendedoras en Sector P\u00fablico.<br>Nombre de la formaci\u00f3n:<br>Cadenas de valor de Emprendimientos de Bienes P\u00fablicos Regionales (BPR), Banco Interamericano de Desarrollo<br>(BID), Santiado de Chile, Noviembre 2013<br>Destinatarios:<br>Responsables de proyectos de BPR (BID) para Latinoam\u00e9rica<br><br>Fecha Setiembre de 2013<br>Actividad\/evento:<br>Living de emprendedores, Actividades acad\u00e9micas.<br>Visita a Incubadora Ingenio, Montevideo, Uruguay, 12 y 13 de Setiembre de 2013.<br>Lugar Montevideo, Uruguay<br><br>Fecha Marzo de 2013<br>Principales asignaturas o capacidades profesionales desarrolladas en el estudio\/actividad:<br>Desarrollos de aptitudes emprendedoras en Sector P\u00fablico.<br>Nombre de la formaci\u00f3n:<br>Cadenas de valor de Emprendimientos de Bienes P\u00fablicos Regionales (BPR) del Banco Interamericano de Desarrollo<br>(BID), Quito, Ecuador, Marzo 2013<br>Destinatarios:<br>Responsables de proyectos de BPR (BID) para Latinoam\u00e9rica y Centroam\u00e9rica.<br><br>Fecha de Inicio 01\/03\/2010. Fecha de Finalizaci\u00f3n 09\/09\/2010<br>Principales asignaturas o capacidades profesionales desarrolladas en el estudio:<br>Posgrado: Programa Iberoamericano de Formaci\u00f3n de Formadores en Responsabilidad Social Empresarial<br>(RSE). Financiado por el Fondo Espa\u00f1a del PNUD.<br>Nombre y tipo de formaci\u00f3n:<br>Posgrado. Universidad de Buenos Aires (UBA) \u2013 Fondo Espa\u00f1a\/PNUD<br>Destinatarios:<br>Docentes universitarios de Iberoam\u00e9rica.<br>Calificaci\u00f3n obtenida:<br>8 (ocho) Nivel alcanzado en la clasificaci\u00f3n nacional o internacional Posgrado.<br><br>Fecha de Inicio 30\/06\/2007. Fecha Finalizaci\u00f3n 31\/12\/2008<br>Nombre y tipo de centro de estudios:<br>Universidad Nacional del Sur<br>Principales asignaturas o capacidades profesionales desarrolladas en el estudio:<br>Magister (incompleto) en Econom\u00eda Agraria y Administraci\u00f3n Rural<br>Materias aprobadas:<br>Comercializaci\u00f3n Agropecuaria. Nota: 8 (ocho). Fecha: 12\/12\/2008.<br>Elementos Pr\u00e1cticos de Finanzas. Nota: 9 (nueve). Fecha 28\/11\/2008.<br>Planeamiento, Presupuestaci\u00f3n y Control de Gesti\u00f3n. Nota: 7 (siete). Fecha: 28\/03\/2008.<br>Evaluaci\u00f3n de Proyectos Agr\u00edcolas. Nota: 8 (ocho).<br>Calificaci\u00f3n obtenida:<br>3 materias aprobadas<br>Nivel alcanzado en la clasificaci\u00f3n nacional o internacional:<br>Magister en Econom\u00eda Agraria y Administraci\u00f3n Rural<br><br><br><strong>Estudios de Grado:<\/strong><br><br>Fecha de Inicio 01\/03\/1989. Fecha Finalizaci\u00f3n 28\/04\/1995<br>Nombre y tipo del centro de estudios:<br>Universidad Nacional del Sur (UNS)<br>Principales asignaturas o capacidades profesionales desarrolladas en el estudio:<br>Contador P\u00fablico Nacional (CPA, Certified Public Accountant).<br>Graduado el 28\/04\/1995.<br><br><br>MEMBRES\u00cdAS:<br><br>Miembro del Departamento de Ciencias de la Administraci\u00f3n por el claustro de alumnos (1992-1993).<br>Miembro de la comisi\u00f3n curricular del Departamento de Ciencias de la Administraci\u00f3n de la UNS (1994)<br><br>OTROS IDIOMAS:<br>Ingl\u00e9s C1 Usuario<br>Italiano A1 Usuario<br><br>CAPACIDADES Y COMPETENCIAS PERSONALES:<br>Formaci\u00f3n en Coaching, Motivaci\u00f3n y Liderazgo<br><br>CAPACIDADES Y COMPETENCIAS SOCIALES:<br>Organizaciones colectivas y sociales: armado de redes.<br><br>CAPACIDADES Y COMPETENCIAS ORGANIZATIVAS:<br>Emprendedor social.<br>Coordinaci\u00f3n y construcci\u00f3n de equipos de trabajo.<br>Motivaci\u00f3n y formaci\u00f3n Capital Humano.<br><br>CAPACIDADES Y COMPETENCIAS T\u00c9CNICAS:<br>Consultor\u00eda y coaching. Construcci\u00f3n de organizaciones con valores compartidos.<br><br>CAPACIDADES Y COMPETENCIAS INFORM\u00c1TICAS:<br>Herramientas de GNU\/Linux. Microsoft Windows Office y otros softwares espec\u00edficos.<br><br>CAPACIDADES Y COMPETENCIAS ART\u00cdSTICAS:<br>Escritura de art\u00edculos de reflexi\u00f3n sobre la realidad pol\u00edtica argentina y textos sobre valores y crecimiento personal.<br><br>OTRAS CAPACIDADES Y COMPETENCIAS:<br>PERMISO(S) DE CONDUCIR Rep\u00fablica Argentina, Octubre 2018-2023.<br><br><strong>OTRA INFORMACI\u00d3N DE INTER\u00c9S:<\/strong><br>Casado, dos hijos; Tomas (8\/05\/2011) y Alma (24\/4\/2013)<br><br><\/p>\n<\/div>\n<\/div><\/div>\n<\/div>\n<\/div>\n<\/div><\/div>\n<\/div>\n<\/div><\/div>\n","protected":false},"excerpt":{"rendered":"","protected":false},"author":1,"featured_media":0,"parent":0,"menu_order":0,"comment_status":"closed","ping_status":"closed","template":"","meta":{"neve_meta_sidebar":"full-width","neve_meta_container":"default","neve_meta_enable_content_width":"on","neve_meta_content_width":100,"neve_meta_title_alignment":"","neve_meta_author_avatar":"","neve_post_elements_order":"","neve_meta_disable_header":"","neve_meta_disable_footer":"","neve_meta_disable_title":"on","_themeisle_gutenberg_block_has_review":false,"footnotes":""},"_links":{"self":[{"href":"https:\/\/qol.com.ar\/index.php\/wp-json\/wp\/v2\/pages\/1080"}],"collection":[{"href":"https:\/\/qol.com.ar\/index.php\/wp-json\/wp\/v2\/pages"}],"about":[{"href":"https:\/\/qol.com.ar\/index.php\/wp-json\/wp\/v2\/types\/page"}],"author":[{"embeddable":true,"href":"https:\/\/qol.com.ar\/index.php\/wp-json\/wp\/v2\/users\/1"}],"replies":[{"embeddable":true,"href":"https:\/\/qol.com.ar\/index.php\/wp-json\/wp\/v2\/comments?post=1080"}],"version-history":[{"count":33,"href":"https:\/\/qol.com.ar\/index.php\/wp-json\/wp\/v2\/pages\/1080\/revisions"}],"predecessor-version":[{"id":1237,"href":"https:\/\/qol.com.ar\/index.php\/wp-json\/wp\/v2\/pages\/1080\/revisions\/1237"}],"wp:attachment":[{"href":"https:\/\/qol.com.ar\/index.php\/wp-json\/wp\/v2\/media?parent=1080"}],"curies":[{"name":"wp","href":"https:\/\/api.w.org\/{rel}","templated":true}]}}