{"id":1031,"date":"2021-01-19T22:03:28","date_gmt":"2021-01-19T22:03:28","guid":{"rendered":"https:\/\/qol.com.ar\/?page_id=1031"},"modified":"2021-02-02T23:31:03","modified_gmt":"2021-02-02T23:31:03","slug":"cohousing-intergeneracional","status":"publish","type":"page","link":"https:\/\/qol.com.ar\/index.php\/cohousing-intergeneracional\/","title":{"rendered":"Cohousing Intergeneracional"},"content":{"rendered":"\n<section class=\"wp-block-themeisle-blocks-advanced-columns alignfull has-1-columns has-desktop-equal-layout has-tablet-equal-layout has-mobile-equal-layout has-nogap-gap has-vertical-flex-start\" id=\"wp-block-themeisle-blocks-advanced-columns-cf464273\"><div class=\"wp-block-themeisle-blocks-advanced-columns-overlay\"><\/div><div class=\"innerblocks-wrap\">\n<div class=\"wp-block-themeisle-blocks-advanced-column\" id=\"wp-block-themeisle-blocks-advanced-column-091be23e\">\n<section class=\"wp-block-themeisle-blocks-advanced-columns alignfull has-1-columns has-desktop-equal-layout has-tablet-equal-layout has-mobile-equal-layout has-nogap-gap has-vertical-center\" id=\"wp-block-themeisle-blocks-advanced-columns-7fed9644\"><div class=\"wp-block-themeisle-blocks-advanced-columns-overlay\"><\/div><div class=\"innerblocks-wrap\">\n<div class=\"wp-block-themeisle-blocks-advanced-column\" id=\"wp-block-themeisle-blocks-advanced-column-77b97cc2\">\n<h1 class=\"has-text-align-center has-white-color has-text-color wp-block-heading\">Cohousing Intergeneracional<\/h1>\n\n\n\n<p class=\"has-text-align-center has-white-color has-text-color\">Creado por quienes desean convivir con personas de todas las edades. <br>Los habitantes del Cohousing disfrutan las ventajas de la cooperaci\u00f3n, ya sea organizando cenas comunes, actividades sociales o brindando una mano a un vecino. Construyen relaciones sociales trabajando juntos para satisfacer necesidades pr\u00e1cticas. <br>El Cohousing ofrece las ventajas sociales y pr\u00e1cticas de un vecindario bien avenido de forma coherente con la realidad de la vida del siglo XXI.<\/p>\n\n\n\n<figure class=\"wp-block-image size-large is-style-default\"><img loading=\"lazy\" decoding=\"async\" width=\"1024\" height=\"576\" src=\"https:\/\/qol.com.ar\/wp-content\/uploads\/2021\/02\/PersonasCohousingIntergeneracional003-1024x576.jpg\" alt=\"\" class=\"wp-image-1128\" srcset=\"https:\/\/qol.com.ar\/wp-content\/uploads\/2021\/02\/PersonasCohousingIntergeneracional003-1024x576.jpg 1024w, https:\/\/qol.com.ar\/wp-content\/uploads\/2021\/02\/PersonasCohousingIntergeneracional003-300x169.jpg 300w, https:\/\/qol.com.ar\/wp-content\/uploads\/2021\/02\/PersonasCohousingIntergeneracional003-768x432.jpg 768w, https:\/\/qol.com.ar\/wp-content\/uploads\/2021\/02\/PersonasCohousingIntergeneracional003-1536x864.jpg 1536w, https:\/\/qol.com.ar\/wp-content\/uploads\/2021\/02\/PersonasCohousingIntergeneracional003.jpg 1600w\" sizes=\"(max-width: 1024px) 100vw, 1024px\" \/><\/figure>\n<\/div>\n<\/div><\/section>\n\n\n\n<section class=\"wp-block-themeisle-blocks-advanced-columns has-3-columns has-desktop-equal-layout has-tablet-equal-layout has-mobile-collapsedRows-layout has-wide-gap has-vertical-flex-start\" id=\"wp-block-themeisle-blocks-advanced-columns-683da29a\"><div class=\"wp-block-themeisle-blocks-advanced-columns-overlay\"><\/div><div class=\"innerblocks-wrap\">\n<div class=\"wp-block-themeisle-blocks-advanced-column\" id=\"wp-block-themeisle-blocks-advanced-column-a81de827\">\n<h3 class=\"has-text-align-center wp-block-heading\">Diversidad<\/h3>\n\n\n\n<p class=\"has-text-align-left\">Creemos que esto aporta riqueza de vida gracias a la convivencia de distintas generaciones. Esto sirve a ni\u00f1os, ni\u00f1as y j\u00f3venes para tomar conciencia de la vejez de forma natural y disfrutar de los abuelos y abuelas. Esa es una relaci\u00f3n muy positiva y distinta a la que tienen con sus progenitores.<\/p>\n\n\n\n<p>Para las personas mayores es muy beneficioso el est\u00edmulo y la frescura que suponen las nuevas generaciones con todos sus cambios.<\/p>\n\n\n\n<p>Con un grupo de diferentes edades se pueden adaptar de forma m\u00e1s f\u00e1cil las tareas comunitarias. En esas labores, cada persona aportar\u00e1 lo mejor de s\u00ed misma, pero en la medida de sus posibilidades y deseos.<\/p>\n\n\n\n<p>Beneficios vitales y educativos se derivan de la experiencia de convivencia<br>intergeneracional.<\/p>\n<\/div>\n\n\n\n<div class=\"wp-block-themeisle-blocks-advanced-column\" id=\"wp-block-themeisle-blocks-advanced-column-787fa0e1\">\n<h3 class=\"has-text-align-center wp-block-heading\">Apoyo mutuo<\/h3>\n\n\n\n<p class=\"has-text-align-left\">Es importante tener en cuenta que nadie es totalmente aut\u00f3nomo o aut\u00f3noma a lo largo de su vida. Y que nos necesitamos de una u otra manera y nos resulta satisfactorio y tranquilizador dar a la comunidad y recibir de ella.<\/p>\n\n\n\n<p><\/p>\n<\/div>\n\n\n\n<div class=\"wp-block-themeisle-blocks-advanced-column\" id=\"wp-block-themeisle-blocks-advanced-column-54f4b40e\">\n<h3 class=\"has-text-align-center wp-block-heading\">Adaptado a necesidades<\/h3>\n\n\n\n<p>Encontrar un espacio adaptado a las propias necesidades: viviendas m\u00e1s peque\u00f1as, lugares para la interacci\u00f3n social, casa club y caf\u00e9, sala de cine con sillones y almohadones, gimnasio, SUM para yoga, gimnasia, oficinas, alta velocidad de internet, biblioteca general y sala de estudio para ni\u00f1os, sal\u00f3n de juego para ni\u00f1os y sus amigos visitantes, piscina, cancha de tenis, basquet, f\u00fatbol u otros deportes, quinchos, habitaciones de hu\u00e9spedes,  y espacios libres de barreras arquitect\u00f3nicas.<\/p>\n<\/div>\n<\/div><\/section>\n<\/div>\n<\/div><\/section>\n\n\n\n<figure class=\"wp-block-embed is-type-video is-provider-youtube wp-block-embed-youtube wp-embed-aspect-16-9 wp-has-aspect-ratio\"><div class=\"wp-block-embed__wrapper\">\n<div class=\"nv-iframe-embed\"><iframe loading=\"lazy\" title=\"Construyendo una Comunidad con Cohousing\" width=\"1200\" height=\"675\" src=\"https:\/\/www.youtube.com\/embed\/rLm7X7xB5YE?feature=oembed\" frameborder=\"0\" allow=\"accelerometer; autoplay; clipboard-write; encrypted-media; gyroscope; picture-in-picture\" allowfullscreen><\/iframe><\/div>\n<\/div><\/figure>\n","protected":false},"excerpt":{"rendered":"","protected":false},"author":1,"featured_media":0,"parent":0,"menu_order":0,"comment_status":"closed","ping_status":"closed","template":"","meta":{"neve_meta_sidebar":"full-width","neve_meta_container":"","neve_meta_enable_content_width":"on","neve_meta_content_width":100,"neve_meta_title_alignment":"","neve_meta_author_avatar":"","neve_post_elements_order":"","neve_meta_disable_header":"","neve_meta_disable_footer":"","neve_meta_disable_title":"","_themeisle_gutenberg_block_has_review":false,"footnotes":""},"_links":{"self":[{"href":"https:\/\/qol.com.ar\/index.php\/wp-json\/wp\/v2\/pages\/1031"}],"collection":[{"href":"https:\/\/qol.com.ar\/index.php\/wp-json\/wp\/v2\/pages"}],"about":[{"href":"https:\/\/qol.com.ar\/index.php\/wp-json\/wp\/v2\/types\/page"}],"author":[{"embeddable":true,"href":"https:\/\/qol.com.ar\/index.php\/wp-json\/wp\/v2\/users\/1"}],"replies":[{"embeddable":true,"href":"https:\/\/qol.com.ar\/index.php\/wp-json\/wp\/v2\/comments?post=1031"}],"version-history":[{"count":9,"href":"https:\/\/qol.com.ar\/index.php\/wp-json\/wp\/v2\/pages\/1031\/revisions"}],"predecessor-version":[{"id":1139,"href":"https:\/\/qol.com.ar\/index.php\/wp-json\/wp\/v2\/pages\/1031\/revisions\/1139"}],"wp:attachment":[{"href":"https:\/\/qol.com.ar\/index.php\/wp-json\/wp\/v2\/media?parent=1031"}],"curies":[{"name":"wp","href":"https:\/\/api.w.org\/{rel}","templated":true}]}}